{"id":7,"date":"2017-04-26T15:49:32","date_gmt":"2017-04-26T13:49:32","guid":{"rendered":"http:\/\/dev.qdc-management.se\/?page_id=7"},"modified":"2021-04-26T13:55:29","modified_gmt":"2021-04-26T11:55:29","slug":"service","status":"publish","type":"page","link":"http:\/\/qdc-management.se\/sv\/service\/","title":{"rendered":"Tj\u00e4nster"},"content":{"rendered":"<p><link href=\"http:\/\/fonts.googleapis.com\/css?family=Raleway:800%2C500\" rel=\"stylesheet\" property=\"stylesheet\" type=\"text\/css\" media=\"all\">\n<div id=\"rev_slider_2_2_wrapper\" class=\"rev_slider_wrapper fullwidthbanner-container\" data-source=\"gallery\" style=\"margin:0px auto;background-color:transparent;padding:0px;margin-top:0px;margin-bottom:0px;\">\n<!-- START REVOLUTION SLIDER 5.3.1.5 fullwidth mode -->\n\t<div id=\"rev_slider_2_2\" class=\"rev_slider fullwidthabanner\" style=\"display:none;\" data-version=\"5.3.1.5\">\n<ul>\t<!-- SLIDE  -->\n\t<li data-index=\"rs-6\" data-transition=\"zoomout\" data-slotamount=\"default\" data-hideafterloop=\"0\" data-hideslideonmobile=\"off\"  data-easein=\"Power4.easeInOut\" data-easeout=\"Power4.easeInOut\" data-masterspeed=\"-30\"  data-thumb=\"http:\/\/qdc-management.se\/wp-content\/uploads\/2017\/04\/Female-quality-inspector-using-tablet-100x50.jpg\"  data-rotate=\"0\"  data-saveperformance=\"off\"  data-title=\"Intro\" data-param1=\"\" data-param2=\"\" data-param3=\"\" data-param4=\"\" data-param5=\"\" data-param6=\"\" data-param7=\"\" data-param8=\"\" data-param9=\"\" data-param10=\"\" data-description=\"\">\n\t\t<!-- MAIN IMAGE -->\n\t\t<img src=\"http:\/\/qdc-management.se\/wp-content\/uploads\/2017\/04\/Female-quality-inspector-using-tablet.jpg\"  alt=\"\" title=\"Female-quality-inspector-using-tablet\"  width=\"2000\" height=\"1132\" data-bgposition=\"center center\" data-bgfit=\"cover\" data-bgrepeat=\"no-repeat\" data-bgparallax=\"10\" class=\"rev-slidebg\" data-no-retina>\n\t\t<!-- LAYERS -->\n\n\t\t<!-- LAYER NR. 1 -->\n\t\t<div class=\"tp-caption NotGeneric-Title   tp-resizeme\" \n\t\t\t id=\"slide-6-layer-1\" \n\t\t\t data-x=\"['center','center','center','center']\" data-hoffset=\"['0','0','0','0']\" \n\t\t\t data-y=\"['middle','middle','middle','middle']\" data-voffset=\"['0','0','-25','-29']\" \n\t\t\t\t\t\tdata-fontsize=\"['70','65','60','40']\"\n\t\t\tdata-lineheight=\"['70','65','60','40']\"\n\t\t\tdata-width=\"none\"\n\t\t\tdata-height=\"none\"\n\t\t\tdata-whitespace=\"nowrap\"\n \n\t\t\tdata-type=\"text\" \n\t\t\tdata-responsive_offset=\"on\" \n\n\t\t\tdata-frames='[{\"delay\":10,\"speed\":150,\"frame\":\"0\",\"from\":\"z:0;rX:0deg;rY:0;rZ:0;sX:1.5;sY:1.5;skX:0;skY:0;opacity:0;\",\"mask\":\"x:0px;y:0px;s:inherit;e:inherit;\",\"to\":\"o:1;\",\"ease\":\"Power3.easeInOut\"},{\"delay\":\"wait\",\"speed\":1000,\"frame\":\"999\",\"to\":\"y:[100%];\",\"mask\":\"x:inherit;y:inherit;s:inherit;e:inherit;\",\"ease\":\"Power2.easeInOut\"}]'\n\t\t\tdata-textAlign=\"['left','left','left','left']\"\n\t\t\tdata-paddingtop=\"[10,10,10,10]\"\n\t\t\tdata-paddingright=\"[0,0,0,0]\"\n\t\t\tdata-paddingbottom=\"[10,10,10,10]\"\n\t\t\tdata-paddingleft=\"[0,0,0,0]\"\n\n\t\t\tstyle=\"z-index: 5; white-space: nowrap; color: rgba(241, 90, 36, 1.00);\">QDC MANAGEMENT <\/div>\n\n\t\t<!-- LAYER NR. 2 -->\n\t\t<div class=\"tp-caption NotGeneric-SubTitle   tp-resizeme\" \n\t\t\t id=\"slide-6-layer-4\" \n\t\t\t data-x=\"['center','center','center','center']\" data-hoffset=\"['0','0','0','0']\" \n\t\t\t data-y=\"['middle','middle','middle','middle']\" data-voffset=\"['61','62','35','13']\" \n\t\t\t\t\t\tdata-fontsize=\"['20','20','20','13']\"\n\t\t\tdata-lineheight=\"['20','25','25','20']\"\n\t\t\tdata-width=\"none\"\n\t\t\tdata-height=\"none\"\n\t\t\tdata-whitespace=\"nowrap\"\n \n\t\t\tdata-type=\"text\" \n\t\t\tdata-responsive_offset=\"on\" \n\n\t\t\tdata-frames='[{\"delay\":10,\"speed\":160,\"frame\":\"0\",\"from\":\"y:[100%];z:0;rX:0deg;rY:0;rZ:0;sX:1;sY:1;skX:0;skY:0;opacity:0;\",\"mask\":\"x:0px;y:[100%];s:inherit;e:inherit;\",\"to\":\"o:1;\",\"ease\":\"Power4.easeInOut\"},{\"delay\":\"wait\",\"speed\":1000,\"frame\":\"999\",\"to\":\"y:[100%];\",\"mask\":\"x:inherit;y:inherit;s:inherit;e:inherit;\",\"ease\":\"Power2.easeInOut\"}]'\n\t\t\tdata-textAlign=\"['left','left','left','left']\"\n\t\t\tdata-paddingtop=\"[0,0,0,0]\"\n\t\t\tdata-paddingright=\"[0,0,0,0]\"\n\t\t\tdata-paddingbottom=\"[0,0,0,0]\"\n\t\t\tdata-paddingleft=\"[0,0,0,0]\"\n\n\t\t\tstyle=\"z-index: 6; white-space: nowrap; font-size: 20px; color: rgba(241, 90, 36, 1.00);\">VALUE CHAIN EFFICIENCY <\/div>\n\t<\/li>\n<\/ul>\n<div class=\"tp-bannertimer tp-bottom\" style=\"visibility: hidden !important;\"><\/div>\t<\/div>\n<script>var htmlDiv = document.getElementById(\"rs-plugin-settings-inline-css\"); var htmlDivCss=\".tp-caption.NotGeneric-Title,.NotGeneric-Title{color:rgba(255,255,255,1.00);font-size:70px;line-height:70px;font-weight:800;font-style:normal;font-family:Raleway;text-decoration:none;background-color:transparent;border-color:transparent;border-style:none;border-width:0px;border-radius:0 0 0 0px}.tp-caption.NotGeneric-SubTitle,.NotGeneric-SubTitle{color:rgba(255,255,255,1.00);font-size:13px;line-height:20px;font-weight:500;font-style:normal;font-family:Raleway;text-decoration:none;background-color:transparent;border-color:transparent;border-style:none;border-width:0px;border-radius:0 0 0 0px;letter-spacing:4px}\";\r\n\t\t\t\tif(htmlDiv) {\r\n\t\t\t\t\thtmlDiv.innerHTML = htmlDiv.innerHTML + htmlDivCss;\r\n\t\t\t\t}else{\r\n\t\t\t\t\tvar htmlDiv = document.createElement(\"div\");\r\n\t\t\t\t\thtmlDiv.innerHTML = \"<style>\" + htmlDivCss + \"<\/style>\";\r\n\t\t\t\t\tdocument.getElementsByTagName(\"head\")[0].appendChild(htmlDiv.childNodes[0]);\r\n\t\t\t\t}\r\n\t\t\t<\/script>\n\t\t<script type=\"text\/javascript\">\r\n\t\t\t\t\t\t\/******************************************\r\n\t\t\t\t-\tPREPARE PLACEHOLDER FOR SLIDER\t-\r\n\t\t\t******************************************\/\r\n\r\n\t\t\tvar setREVStartSize=function(){\r\n\t\t\t\ttry{var e=new Object,i=jQuery(window).width(),t=9999,r=0,n=0,l=0,f=0,s=0,h=0;\r\n\t\t\t\t\te.c = jQuery('#rev_slider_2_2');\r\n\t\t\t\t\te.responsiveLevels = [1240,1024,778,480];\r\n\t\t\t\t\te.gridwidth = [1240,1024,778,480];\r\n\t\t\t\t\te.gridheight = [700,500,400,300];\r\n\t\t\t\t\t\t\t\r\n\t\t\t\t\te.sliderLayout = \"fullwidth\";\r\n\t\t\t\t\tif(e.responsiveLevels&&(jQuery.each(e.responsiveLevels,function(e,f){f>i&&(t=r=f,l=e),i>f&&f>r&&(r=f,n=e)}),t>r&&(l=n)),f=e.gridheight[l]||e.gridheight[0]||e.gridheight,s=e.gridwidth[l]||e.gridwidth[0]||e.gridwidth,h=i\/s,h=h>1?1:h,f=Math.round(h*f),\"fullscreen\"==e.sliderLayout){var u=(e.c.width(),jQuery(window).height());if(void 0!=e.fullScreenOffsetContainer){var c=e.fullScreenOffsetContainer.split(\",\");if (c) jQuery.each(c,function(e,i){u=jQuery(i).length>0?u-jQuery(i).outerHeight(!0):u}),e.fullScreenOffset.split(\"%\").length>1&&void 0!=e.fullScreenOffset&&e.fullScreenOffset.length>0?u-=jQuery(window).height()*parseInt(e.fullScreenOffset,0)\/100:void 0!=e.fullScreenOffset&&e.fullScreenOffset.length>0&&(u-=parseInt(e.fullScreenOffset,0))}f=u}else void 0!=e.minHeight&&f<e.minHeight&&(f=e.minHeight);e.c.closest(\".rev_slider_wrapper\").css({height:f})\r\n\t\t\t\t\t\r\n\t\t\t\t}catch(d){console.log(\"Failure at Presize of Slider:\"+d)}\r\n\t\t\t};\r\n\t\t\t\r\n\t\t\tsetREVStartSize();\r\n\t\t\t\r\n\t\t\t\t\t\tvar tpj=jQuery;\r\n\t\t\t\r\n\t\t\tvar revapi2;\r\n\t\t\ttpj(document).ready(function() {\n\t\t\t\tif(tpj(\"#rev_slider_2_2\").revolution == undefined){\n\t\t\t\t\trevslider_showDoubleJqueryError(\"#rev_slider_2_2\");\n\t\t\t\t}else{\n\t\t\t\t\trevapi2 = tpj(\"#rev_slider_2_2\").show().revolution({\n\t\t\t\t\t\tsliderType:\"hero\",\njsFileLocation:\"\/\/qdc-management.se\/wp-content\/plugins\/revslider\/public\/assets\/js\/\",\n\t\t\t\t\t\tsliderLayout:\"fullwidth\",\n\t\t\t\t\t\tdottedOverlay:\"none\",\n\t\t\t\t\t\tdelay:9000,\n\t\t\t\t\t\tnavigation: {\n\t\t\t\t\t\t},\n\t\t\t\t\t\tresponsiveLevels:[1240,1024,778,480],\n\t\t\t\t\t\tvisibilityLevels:[1240,1024,778,480],\n\t\t\t\t\t\tgridwidth:[1240,1024,778,480],\n\t\t\t\t\t\tgridheight:[700,500,400,300],\n\t\t\t\t\t\tlazyType:\"none\",\n\t\t\t\t\t\tparallax: {\n\t\t\t\t\t\t\ttype:\"mouse\",\n\t\t\t\t\t\t\torigo:\"slidercenter\",\n\t\t\t\t\t\t\tspeed:2000,\n\t\t\t\t\t\t\tlevels:[2,3,4,5,6,7,12,16,10,50,47,48,49,50,51,55],\n\t\t\t\t\t\t},\n\t\t\t\t\t\tshadow:0,\n\t\t\t\t\t\tspinner:\"off\",\n\t\t\t\t\t\tautoHeight:\"off\",\n\t\t\t\t\t\tdisableProgressBar:\"on\",\n\t\t\t\t\t\thideThumbsOnMobile:\"off\",\n\t\t\t\t\t\thideSliderAtLimit:0,\n\t\t\t\t\t\thideCaptionAtLimit:0,\n\t\t\t\t\t\thideAllCaptionAtLilmit:0,\n\t\t\t\t\t\tdebugMode:false,\n\t\t\t\t\t\tfallbacks: {\n\t\t\t\t\t\t\tsimplifyAll:\"off\",\n\t\t\t\t\t\t\tdisableFocusListener:false,\n\t\t\t\t\t\t}\n\t\t\t\t\t});\n\t\t\t\t}\n\t\t\t});\t\/*ready*\/\n\t\t<\/script>\r\n\t\t<\/div><!-- END REVOLUTION SLIDER --><\/p>\n<div style=\"margin-top: 45px;\"><\/div>\n<div class=\"twocol-one\">\n<h2>Managementkonsult:<\/h2>\n<p><strong>Ledningsgrupp eller styrelser\u00e5dgivare<\/strong><br \/>\nMed \u00f6ver 30 \u00e5rs erfarenhet inom m\u00e5nga funktioner, har vi byggt upp en bred kunskap i b\u00e5de framg\u00e5ngar och motg\u00e5ngar.<\/p>\n<p><strong>Strategi<\/strong><br \/>\nEtt antal strategiska f\u00f6r\u00e4ndringar och implementeringar har gjorts under de senaste 20 \u00e5ren. Vi har erfarenhet av att genomf\u00f6ra strategier utifr\u00e5n b\u00e5de funktionella och ledande positioner inklusive bolags ledningsgrupp.<br \/>\n<\/div>\n<div class=\"twocol-one last\">\n<img src=\"\/wp-content\/uploads\/2017\/04\/services1.jpg\" alt=\"\" width=\"580\" \/><br \/>\n<\/div><div class=\"clear\"><\/div>\n<p><strong>Lean och Lean Produktion<\/strong><br \/>\nLean, eller hur undvika sl\u00f6seri, genom ett str\u00f6mlinjeformat och effektivt arbetsfl\u00f6de. Traditionellt fokuserat p\u00e5 tillverkning, men kan lika v\u00e4l till\u00e4mpas i till exempel produktutveckling. Vi har erfarenhet av att bygga kompletta produktionslinjer enligt Lean principer liksom att till\u00e4mpa Lean f\u00f6r tj\u00e4nstemannaarbete.<\/p>\n<div class=\"twocol-one\">\n<strong>Process Mapping<\/strong><br \/>\nAtt uppr\u00e4tta och sen underh\u00e5lla processer \u00e4r avg\u00f6rande f\u00f6r ett framg\u00e5ngsrikt f\u00f6retag. M\u00e5nga f\u00f6retag tenderar att ha silos och o\u00f6nskade barri\u00e4rer mellan olika aff\u00e4rsfunktioner. V\u00e4ldefinierade processer med tydliga process\u00e4gare \u00e4r avg\u00f6rande f\u00f6r effektiviteten. Vi har m\u00e5nga \u00e5rs erfarenhet av att arbeta med och bygga effektiva processer.<\/p>\n<p><strong>V\u00e4rdefl\u00f6desanalys<\/strong><br \/>\nAtt f\u00f6rst\u00e5 hur v\u00e4rdekedjan ser ut och var de svaga punkterna \u00e4r, kan avsev\u00e4rt hj\u00e4lpa ditt f\u00f6retag att bli mer effektivt. Vi kan st\u00f6dja och v\u00e4gleda i detta arbete.<br \/>\n<\/div>\n<div class=\"twocol-one last\">\n<img style=\"padding-top: 20px;\" src=\"\/wp-content\/uploads\/2017\/04\/services2.jpg\" alt=\"\" width=\"560\" \/><br \/>\n<\/div><div class=\"clear\"><\/div>\n<p><strong>Kostnad f\u00f6r d\u00e5lig kvalitet<\/strong><br \/>\nDe flesta f\u00f6retag har 10-20% eller mer av de totala kostnaderna i sl\u00f6seri pga olika kvalitetsbrister. Genom att m\u00e4ta och f\u00f6rst\u00e5, kostnaden f\u00f6r d\u00e5lig kvalitet, kommer en stor potential till f\u00f6rb\u00e4ttringar att synligg\u00f6ras. Vi har 10 \u00e5rs erfarenhet av att genomf\u00f6ra och arbeta med f\u00f6rb\u00e4ttringar p\u00e5 grund av d\u00e5lig kvalitet.<br \/>\n<div class=\"twocol-one\">\n<h2>Interim Chef:<\/h2>\n<p><strong>Verkst\u00e4llande Chef<\/strong><br \/>\nVi har m\u00f6jlighet att ta en tillf\u00f6rordnad VD roll p\u00e5 interimsbasis f\u00f6r ett litet eller medelstort f\u00f6retag.<\/p>\n<p><strong>Senior chef<\/strong><br \/>\nInterims positioner p\u00e5 Vice President niv\u00e5 eller motsvarande p\u00e5 kort eller medell\u00e5ng sikt.<\/p>\n<p><strong>Senior Projektledare<\/strong><br \/>\nBaserat p\u00e5 tillg\u00e4nglighet ta ledning f\u00f6r st\u00f6rre projekt inom ink\u00f6p-leverant\u00f6rssamverkan, utveckling, tillverkning eller service.<br \/>\n<\/div><\/p>\n<p><div class=\"twocol-one last\">\n<img src=\"\/wp-content\/uploads\/2017\/04\/services3.jpg\" alt=\"\" width=\"560\" \/><br \/>\n<\/div><div class=\"clear\"><\/div><\/p>","protected":false},"excerpt":{"rendered":"<p>Lean och Lean Produktion Lean, eller hur undvika sl\u00f6seri, genom ett str\u00f6mlinjeformat och effektivt arbetsfl\u00f6de. Traditionellt fokuserat p\u00e5 tillverkning, men kan lika v\u00e4l till\u00e4mpas i till exempel produktutveckling. Vi har erfarenhet av att bygga kompletta produktionslinjer enligt Lean principer liksom att till\u00e4mpa Lean f\u00f6r tj\u00e4nstemannaarbete. Kostnad f\u00f6r d\u00e5lig kvalitet De flesta f\u00f6retag har 10-20% eller [&hellip;]<\/p>\n","protected":false},"author":1,"featured_media":0,"parent":0,"menu_order":0,"comment_status":"closed","ping_status":"closed","template":"","meta":[],"_links":{"self":[{"href":"http:\/\/qdc-management.se\/sv\/wp-json\/wp\/v2\/pages\/7"}],"collection":[{"href":"http:\/\/qdc-management.se\/sv\/wp-json\/wp\/v2\/pages"}],"about":[{"href":"http:\/\/qdc-management.se\/sv\/wp-json\/wp\/v2\/types\/page"}],"author":[{"embeddable":true,"href":"http:\/\/qdc-management.se\/sv\/wp-json\/wp\/v2\/users\/1"}],"replies":[{"embeddable":true,"href":"http:\/\/qdc-management.se\/sv\/wp-json\/wp\/v2\/comments?post=7"}],"version-history":[{"count":21,"href":"http:\/\/qdc-management.se\/sv\/wp-json\/wp\/v2\/pages\/7\/revisions"}],"predecessor-version":[{"id":123,"href":"http:\/\/qdc-management.se\/sv\/wp-json\/wp\/v2\/pages\/7\/revisions\/123"}],"wp:attachment":[{"href":"http:\/\/qdc-management.se\/sv\/wp-json\/wp\/v2\/media?parent=7"}],"curies":[{"name":"wp","href":"https:\/\/api.w.org\/{rel}","templated":true}]}}